{"id":97,"date":"2019-05-16T15:14:50","date_gmt":"2019-05-16T13:14:50","guid":{"rendered":"http:\/\/www.kasperhof-rottenried.de\/?page_id=97"},"modified":"2019-05-17T10:50:36","modified_gmt":"2019-05-17T08:50:36","slug":"unsere-schafe-2","status":"publish","type":"page","link":"https:\/\/www.kasperhof-rottenried.de\/?page_id=97","title":{"rendered":"Unsere Schafe"},"content":{"rendered":"\n<div class=\"wp-block-image\"><figure class=\"aligncenter\"><img loading=\"lazy\" decoding=\"async\" width=\"940\" height=\"654\" src=\"http:\/\/www.kasperhof-rottenried.de\/wp-content\/uploads\/2019\/05\/Fuchsschaf-mit-Distel.jpg\" alt=\"\" class=\"wp-image-137\" srcset=\"https:\/\/www.kasperhof-rottenried.de\/wp-content\/uploads\/2019\/05\/Fuchsschaf-mit-Distel.jpg 940w, https:\/\/www.kasperhof-rottenried.de\/wp-content\/uploads\/2019\/05\/Fuchsschaf-mit-Distel-300x209.jpg 300w, https:\/\/www.kasperhof-rottenried.de\/wp-content\/uploads\/2019\/05\/Fuchsschaf-mit-Distel-768x534.jpg 768w, https:\/\/www.kasperhof-rottenried.de\/wp-content\/uploads\/2019\/05\/Fuchsschaf-mit-Distel-150x104.jpg 150w\" sizes=\"auto, (max-width: 940px) 100vw, 940px\" \/><\/figure><\/div>\n\n\n<h4 style=\"text-align: center;\"><b>sind faszinierende Naturgesch\u00f6pfe<\/b><\/h4>\n<p style=\"text-align: center;\">Wir betreiben Schafzucht seit 1989<\/p>\n<p style=\"text-align: center;\">Wir kombinieren altes Sch\u00e4ferbrauchtum mit neuem Wissen<\/p>\n<p style=\"text-align: center;\">Das <strong>Coburger Fuchsschaf<\/strong> ist eine alte Schafrasse mit geringem Fettanteil im Fleisch<\/p>\n<p style=\"text-align: center;\">Wir setzen uns f\u00fcr den Erhalt der \u201eCoburger\u201c ein, denn sie gelten als aussterbende Schafrasse<\/p>\n<p style=\"text-align: center;\">Derzeit halten wir \u00fcber 300 Mutterschafe und entsprechend viele L\u00e4mmer<\/p>\n<p style=\"text-align: center;\">Wir bewirtschaften unsere \u00c4cker, Wiesen und W\u00e4lder extensiv und produzieren ausschlie\u00dflich eigenes Futter<\/p>\n<p style=\"text-align: center;\">Unsere Schafe liefern uns viele Produkte f\u00fcr den Genuss, zum Wohlf\u00fchlen, f\u00fcr W\u00e4rme und Behaglichkeit<\/p>\n<p>\u00a0<\/p>\n\n\n<div class=\"wp-block-image\"><figure class=\"aligncenter\"><img loading=\"lazy\" decoding=\"async\" width=\"844\" height=\"563\" src=\"http:\/\/www.kasperhof-rottenried.de\/wp-content\/uploads\/2019\/05\/Lamm.jpg\" alt=\"\" class=\"wp-image-138\" srcset=\"https:\/\/www.kasperhof-rottenried.de\/wp-content\/uploads\/2019\/05\/Lamm.jpg 844w, https:\/\/www.kasperhof-rottenried.de\/wp-content\/uploads\/2019\/05\/Lamm-300x200.jpg 300w, https:\/\/www.kasperhof-rottenried.de\/wp-content\/uploads\/2019\/05\/Lamm-768x512.jpg 768w, https:\/\/www.kasperhof-rottenried.de\/wp-content\/uploads\/2019\/05\/Lamm-150x100.jpg 150w\" sizes=\"auto, (max-width: 844px) 100vw, 844px\" \/><\/figure><\/div>\n","protected":false},"excerpt":{"rendered":"<p>sind faszinierende Naturgesch\u00f6pfe Wir betreiben Schafzucht seit 1989 Wir kombinieren altes Sch\u00e4ferbrauchtum mit neuem Wissen Das Coburger Fuchsschaf ist eine alte Schafrasse mit geringem Fettanteil im Fleisch Wir setzen uns f\u00fcr den Erhalt der \u201eCoburger\u201c ein, denn sie gelten als aussterbende Schafrasse Derzeit halten wir \u00fcber 300 Mutterschafe und entsprechend&#8230;<\/p>\n<p> <a class=\"continue-reading-link\" href=\"https:\/\/www.kasperhof-rottenried.de\/?page_id=97\"><span>Continue reading<\/span><i class=\"crycon-right-dir\"><\/i><\/a> <\/p>\n","protected":false},"author":1,"featured_media":0,"parent":0,"menu_order":0,"comment_status":"closed","ping_status":"closed","template":"","meta":{"footnotes":""},"class_list":["post-97","page","type-page","status-publish","hentry"],"_links":{"self":[{"href":"https:\/\/www.kasperhof-rottenried.de\/index.php?rest_route=\/wp\/v2\/pages\/97","targetHints":{"allow":["GET"]}}],"collection":[{"href":"https:\/\/www.kasperhof-rottenried.de\/index.php?rest_route=\/wp\/v2\/pages"}],"about":[{"href":"https:\/\/www.kasperhof-rottenried.de\/index.php?rest_route=\/wp\/v2\/types\/page"}],"author":[{"embeddable":true,"href":"https:\/\/www.kasperhof-rottenried.de\/index.php?rest_route=\/wp\/v2\/users\/1"}],"replies":[{"embeddable":true,"href":"https:\/\/www.kasperhof-rottenried.de\/index.php?rest_route=%2Fwp%2Fv2%2Fcomments&post=97"}],"version-history":[{"count":10,"href":"https:\/\/www.kasperhof-rottenried.de\/index.php?rest_route=\/wp\/v2\/pages\/97\/revisions"}],"predecessor-version":[{"id":155,"href":"https:\/\/www.kasperhof-rottenried.de\/index.php?rest_route=\/wp\/v2\/pages\/97\/revisions\/155"}],"wp:attachment":[{"href":"https:\/\/www.kasperhof-rottenried.de\/index.php?rest_route=%2Fwp%2Fv2%2Fmedia&parent=97"}],"curies":[{"name":"wp","href":"https:\/\/api.w.org\/{rel}","templated":true}]}}