{"id":89,"date":"2019-05-16T15:12:31","date_gmt":"2019-05-16T13:12:31","guid":{"rendered":"http:\/\/www.kasperhof-rottenried.de\/?page_id=89"},"modified":"2019-05-17T10:55:28","modified_gmt":"2019-05-17T08:55:28","slug":"unser-hofladen","status":"publish","type":"page","link":"https:\/\/www.kasperhof-rottenried.de\/?page_id=89","title":{"rendered":"Unser Hofladen"},"content":{"rendered":"\n<div class=\"wp-block-image\"><figure class=\"aligncenter\"><a href=\"http:\/\/www.kasperhof-rottenried.de\/wp-content\/uploads\/2019\/05\/Kopie-2-von-IMG_8951.jpg\"><img loading=\"lazy\" decoding=\"async\" width=\"1024\" height=\"683\" src=\"http:\/\/www.kasperhof-rottenried.de\/wp-content\/uploads\/2019\/05\/Kopie-2-von-IMG_8951-1024x683.jpg\" alt=\"\" class=\"wp-image-113\" srcset=\"https:\/\/www.kasperhof-rottenried.de\/wp-content\/uploads\/2019\/05\/Kopie-2-von-IMG_8951.jpg 1024w, https:\/\/www.kasperhof-rottenried.de\/wp-content\/uploads\/2019\/05\/Kopie-2-von-IMG_8951-300x200.jpg 300w, https:\/\/www.kasperhof-rottenried.de\/wp-content\/uploads\/2019\/05\/Kopie-2-von-IMG_8951-768x512.jpg 768w, https:\/\/www.kasperhof-rottenried.de\/wp-content\/uploads\/2019\/05\/Kopie-2-von-IMG_8951-150x100.jpg 150w\" sizes=\"auto, (max-width: 1024px) 100vw, 1024px\" \/><\/a><\/figure><\/div>\n\n\n<h4><b><img loading=\"lazy\" decoding=\"async\" class=\"size-thumbnail wp-image-129 alignright\" src=\"http:\/\/www.kasperhof-rottenried.de\/wp-content\/uploads\/2019\/05\/Kopie-von-IMG_9011-150x150.jpg\" alt=\"\" width=\"150\" height=\"150\" \/>Ich halte in meinem Laden in Gilching nicht nur Spezialit\u00e4ten unserer Schafe bereit.<\/b><\/h4>\n<p>Ich habe auch eine gro\u00dfe Auswahl an<\/p>\n<ul>\n<li>Wildkr\u00e4uterspezialit\u00e4ten<\/li>\n<li>Brot\u2013 und Fruchtaufstriche<\/li>\n<li>S\u00e4fte, Lik\u00f6re<\/li>\n<li>Eingemachtes<\/li>\n<li>Tees aus eigener Herstellung<\/li>\n<\/ul>\n<p>Als <strong>Raumausstatterin<\/strong> mit langj\u00e4hriger Berufserfahrung fertige ich f\u00fcr Sie Polsterarbeiten und Gardinen, gestalte Ihre B\u00f6den und W\u00e4nde.<\/p>\n<p>Wir f\u00fchren Schaffelle, Schurwolle, Teppiche, Ober- und Unterbetten, Kissen, allerlei Filz, Schurwolltiere, Fellschuhe, Handschuhe,<br \/>M\u00f6belstoffe und Dekostoffe.<\/p>\n<p>Als gepr\u00fcfte <strong>Kr\u00e4uterp\u00e4dagogin<\/strong> biete ich Kr\u00e4uterkurse, Seminare, Koch-Workshops, und Kr\u00e4uterwanderungen f\u00fcr Erwachsene und Kinder an.<\/p>\n<h4><b>L\u00e4ndlich Leben &amp; Wohnen<\/b><\/h4>\n<p>Christine Kasper<\/p>\n<p>Am R\u00f6merstein 26<br \/>82205 Gilching<\/p>\n<p>Tel.:\u00a0\u00a0\u00a0\u00a0\u00a0\u00a0\u00a0 08105 \/ 77 38 33<br \/>mobil:\u00a0\u00a0\u00a0\u00a0 0171\u00a0\u00a0 \/ 58 93 678<br \/>www.laendlich-leben-wohnen.de<br \/>info@laendlich-leben-wohnen.de<\/p>\n<h5><strong>\u00d6ffnungszeiten<\/strong>:<\/h5>\n<p>Freitag\u00a0\u00a0\u00a0\u00a0\u00a0 9:00 \u2013 13:00 Uhr und 14:00 \u2013 18:00 Uhr<br \/>Samstag\u00a0 \u00a0 9:00 \u2013 12:30 Uhr<br \/>und nach Vereinbarung<\/p>\n<p>\u00a0<\/p>\n\n\n<ul class=\"wp-block-gallery columns-2 is-cropped wp-block-gallery-1 is-layout-flex wp-block-gallery-is-layout-flex\"><li class=\"blocks-gallery-item\"><figure><a href=\"http:\/\/www.kasperhof-rottenried.de\/wp-content\/uploads\/2019\/05\/Kopie-3-von-IMG_8956-1024x683.jpg\"><img loading=\"lazy\" decoding=\"async\" width=\"1024\" height=\"683\" src=\"http:\/\/www.kasperhof-rottenried.de\/wp-content\/uploads\/2019\/05\/Kopie-3-von-IMG_8956-1024x683.jpg\" alt=\"\" data-id=\"115\" data-link=\"http:\/\/www.kasperhof-rottenried.de\/?attachment_id=115\" class=\"wp-image-115\" srcset=\"https:\/\/www.kasperhof-rottenried.de\/wp-content\/uploads\/2019\/05\/Kopie-3-von-IMG_8956.jpg 1024w, https:\/\/www.kasperhof-rottenried.de\/wp-content\/uploads\/2019\/05\/Kopie-3-von-IMG_8956-300x200.jpg 300w, https:\/\/www.kasperhof-rottenried.de\/wp-content\/uploads\/2019\/05\/Kopie-3-von-IMG_8956-768x512.jpg 768w, https:\/\/www.kasperhof-rottenried.de\/wp-content\/uploads\/2019\/05\/Kopie-3-von-IMG_8956-150x100.jpg 150w\" sizes=\"auto, (max-width: 1024px) 100vw, 1024px\" \/><\/a><\/figure><\/li><li class=\"blocks-gallery-item\"><figure><a href=\"http:\/\/www.kasperhof-rottenried.de\/wp-content\/uploads\/2019\/05\/Kopie-von-IMG_8938-1024x683.jpg\"><img loading=\"lazy\" decoding=\"async\" width=\"1024\" height=\"683\" src=\"http:\/\/www.kasperhof-rottenried.de\/wp-content\/uploads\/2019\/05\/Kopie-von-IMG_8938-1024x683.jpg\" alt=\"\" data-id=\"116\" data-link=\"http:\/\/www.kasperhof-rottenried.de\/?attachment_id=116\" class=\"wp-image-116\" srcset=\"https:\/\/www.kasperhof-rottenried.de\/wp-content\/uploads\/2019\/05\/Kopie-von-IMG_8938.jpg 1024w, https:\/\/www.kasperhof-rottenried.de\/wp-content\/uploads\/2019\/05\/Kopie-von-IMG_8938-300x200.jpg 300w, https:\/\/www.kasperhof-rottenried.de\/wp-content\/uploads\/2019\/05\/Kopie-von-IMG_8938-768x512.jpg 768w, https:\/\/www.kasperhof-rottenried.de\/wp-content\/uploads\/2019\/05\/Kopie-von-IMG_8938-150x100.jpg 150w\" sizes=\"auto, (max-width: 1024px) 100vw, 1024px\" \/><\/a><\/figure><\/li><li class=\"blocks-gallery-item\"><figure><a href=\"http:\/\/www.kasperhof-rottenried.de\/wp-content\/uploads\/2019\/05\/Kopie-3-von-IMG_8977-1024x683.jpg\"><img loading=\"lazy\" decoding=\"async\" width=\"1024\" height=\"683\" src=\"http:\/\/www.kasperhof-rottenried.de\/wp-content\/uploads\/2019\/05\/Kopie-3-von-IMG_8977-1024x683.jpg\" alt=\"\" data-id=\"123\" data-link=\"http:\/\/www.kasperhof-rottenried.de\/?attachment_id=123\" class=\"wp-image-123\" srcset=\"https:\/\/www.kasperhof-rottenried.de\/wp-content\/uploads\/2019\/05\/Kopie-3-von-IMG_8977.jpg 1024w, https:\/\/www.kasperhof-rottenried.de\/wp-content\/uploads\/2019\/05\/Kopie-3-von-IMG_8977-300x200.jpg 300w, https:\/\/www.kasperhof-rottenried.de\/wp-content\/uploads\/2019\/05\/Kopie-3-von-IMG_8977-768x512.jpg 768w, https:\/\/www.kasperhof-rottenried.de\/wp-content\/uploads\/2019\/05\/Kopie-3-von-IMG_8977-150x100.jpg 150w\" sizes=\"auto, (max-width: 1024px) 100vw, 1024px\" \/><\/a><\/figure><\/li><li class=\"blocks-gallery-item\"><figure><a href=\"http:\/\/www.kasperhof-rottenried.de\/wp-content\/uploads\/2019\/05\/Kopie-von-IMG_9039-1024x683.jpg\"><img loading=\"lazy\" decoding=\"async\" width=\"1024\" height=\"683\" src=\"http:\/\/www.kasperhof-rottenried.de\/wp-content\/uploads\/2019\/05\/Kopie-von-IMG_9039-1024x683.jpg\" alt=\"\" data-id=\"124\" data-link=\"http:\/\/www.kasperhof-rottenried.de\/?attachment_id=124\" class=\"wp-image-124\" srcset=\"https:\/\/www.kasperhof-rottenried.de\/wp-content\/uploads\/2019\/05\/Kopie-von-IMG_9039.jpg 1024w, https:\/\/www.kasperhof-rottenried.de\/wp-content\/uploads\/2019\/05\/Kopie-von-IMG_9039-300x200.jpg 300w, https:\/\/www.kasperhof-rottenried.de\/wp-content\/uploads\/2019\/05\/Kopie-von-IMG_9039-768x512.jpg 768w, https:\/\/www.kasperhof-rottenried.de\/wp-content\/uploads\/2019\/05\/Kopie-von-IMG_9039-150x100.jpg 150w\" sizes=\"auto, (max-width: 1024px) 100vw, 1024px\" \/><\/a><\/figure><\/li><li class=\"blocks-gallery-item\"><figure><a href=\"http:\/\/www.kasperhof-rottenried.de\/wp-content\/uploads\/2019\/05\/Kopie-von-IMG_9038-1024x683.jpg\"><img loading=\"lazy\" decoding=\"async\" width=\"1024\" height=\"683\" src=\"http:\/\/www.kasperhof-rottenried.de\/wp-content\/uploads\/2019\/05\/Kopie-von-IMG_9038-1024x683.jpg\" alt=\"\" data-id=\"125\" data-link=\"http:\/\/www.kasperhof-rottenried.de\/?attachment_id=125\" class=\"wp-image-125\" srcset=\"https:\/\/www.kasperhof-rottenried.de\/wp-content\/uploads\/2019\/05\/Kopie-von-IMG_9038.jpg 1024w, https:\/\/www.kasperhof-rottenried.de\/wp-content\/uploads\/2019\/05\/Kopie-von-IMG_9038-300x200.jpg 300w, https:\/\/www.kasperhof-rottenried.de\/wp-content\/uploads\/2019\/05\/Kopie-von-IMG_9038-768x512.jpg 768w, https:\/\/www.kasperhof-rottenried.de\/wp-content\/uploads\/2019\/05\/Kopie-von-IMG_9038-150x100.jpg 150w\" sizes=\"auto, (max-width: 1024px) 100vw, 1024px\" \/><\/a><\/figure><\/li><li class=\"blocks-gallery-item\"><figure><a href=\"http:\/\/www.kasperhof-rottenried.de\/wp-content\/uploads\/2019\/05\/Kopie-von-IMG_8970-1024x683.jpg\"><img loading=\"lazy\" decoding=\"async\" width=\"1024\" height=\"683\" src=\"http:\/\/www.kasperhof-rottenried.de\/wp-content\/uploads\/2019\/05\/Kopie-von-IMG_8970-1024x683.jpg\" alt=\"\" data-id=\"126\" data-link=\"http:\/\/www.kasperhof-rottenried.de\/?attachment_id=126\" class=\"wp-image-126\" srcset=\"https:\/\/www.kasperhof-rottenried.de\/wp-content\/uploads\/2019\/05\/Kopie-von-IMG_8970.jpg 1024w, https:\/\/www.kasperhof-rottenried.de\/wp-content\/uploads\/2019\/05\/Kopie-von-IMG_8970-300x200.jpg 300w, https:\/\/www.kasperhof-rottenried.de\/wp-content\/uploads\/2019\/05\/Kopie-von-IMG_8970-768x512.jpg 768w, https:\/\/www.kasperhof-rottenried.de\/wp-content\/uploads\/2019\/05\/Kopie-von-IMG_8970-150x100.jpg 150w\" sizes=\"auto, (max-width: 1024px) 100vw, 1024px\" \/><\/a><\/figure><\/li><li class=\"blocks-gallery-item\"><figure><a href=\"http:\/\/www.kasperhof-rottenried.de\/wp-content\/uploads\/2019\/05\/Kopie-von-IMG_8953-1024x768.jpg\"><img loading=\"lazy\" decoding=\"async\" width=\"1024\" height=\"768\" src=\"http:\/\/www.kasperhof-rottenried.de\/wp-content\/uploads\/2019\/05\/Kopie-von-IMG_8953-1024x768.jpg\" alt=\"\" data-id=\"127\" data-link=\"http:\/\/www.kasperhof-rottenried.de\/?attachment_id=127\" class=\"wp-image-127\" srcset=\"https:\/\/www.kasperhof-rottenried.de\/wp-content\/uploads\/2019\/05\/Kopie-von-IMG_8953.jpg 1024w, https:\/\/www.kasperhof-rottenried.de\/wp-content\/uploads\/2019\/05\/Kopie-von-IMG_8953-300x225.jpg 300w, https:\/\/www.kasperhof-rottenried.de\/wp-content\/uploads\/2019\/05\/Kopie-von-IMG_8953-768x576.jpg 768w, https:\/\/www.kasperhof-rottenried.de\/wp-content\/uploads\/2019\/05\/Kopie-von-IMG_8953-150x113.jpg 150w\" sizes=\"auto, (max-width: 1024px) 100vw, 1024px\" \/><\/a><\/figure><\/li><li class=\"blocks-gallery-item\"><figure><a href=\"http:\/\/www.kasperhof-rottenried.de\/wp-content\/uploads\/2019\/05\/Kopie-von-IMG_8958-1024x683.jpg\"><img loading=\"lazy\" decoding=\"async\" width=\"1024\" height=\"683\" src=\"http:\/\/www.kasperhof-rottenried.de\/wp-content\/uploads\/2019\/05\/Kopie-von-IMG_8958-1024x683.jpg\" alt=\"\" data-id=\"128\" data-link=\"http:\/\/www.kasperhof-rottenried.de\/?attachment_id=128\" class=\"wp-image-128\" srcset=\"https:\/\/www.kasperhof-rottenried.de\/wp-content\/uploads\/2019\/05\/Kopie-von-IMG_8958.jpg 1024w, https:\/\/www.kasperhof-rottenried.de\/wp-content\/uploads\/2019\/05\/Kopie-von-IMG_8958-300x200.jpg 300w, https:\/\/www.kasperhof-rottenried.de\/wp-content\/uploads\/2019\/05\/Kopie-von-IMG_8958-768x512.jpg 768w, https:\/\/www.kasperhof-rottenried.de\/wp-content\/uploads\/2019\/05\/Kopie-von-IMG_8958-150x100.jpg 150w\" sizes=\"auto, (max-width: 1024px) 100vw, 1024px\" \/><\/a><\/figure><\/li><\/ul>\n","protected":false},"excerpt":{"rendered":"<p>Ich halte in meinem Laden in Gilching nicht nur Spezialit\u00e4ten unserer Schafe bereit. Ich habe auch eine gro\u00dfe Auswahl an Wildkr\u00e4uterspezialit\u00e4ten Brot\u2013 und Fruchtaufstriche S\u00e4fte, Lik\u00f6re Eingemachtes Tees aus eigener Herstellung Als Raumausstatterin mit langj\u00e4hriger Berufserfahrung fertige ich f\u00fcr Sie Polsterarbeiten und Gardinen, gestalte Ihre B\u00f6den und W\u00e4nde. Wir f\u00fchren&#8230;<\/p>\n<p> <a class=\"continue-reading-link\" href=\"https:\/\/www.kasperhof-rottenried.de\/?page_id=89\"><span>Continue reading<\/span><i class=\"crycon-right-dir\"><\/i><\/a> <\/p>\n","protected":false},"author":1,"featured_media":0,"parent":0,"menu_order":0,"comment_status":"closed","ping_status":"closed","template":"","meta":{"footnotes":""},"class_list":["post-89","page","type-page","status-publish","hentry"],"_links":{"self":[{"href":"https:\/\/www.kasperhof-rottenried.de\/index.php?rest_route=\/wp\/v2\/pages\/89","targetHints":{"allow":["GET"]}}],"collection":[{"href":"https:\/\/www.kasperhof-rottenried.de\/index.php?rest_route=\/wp\/v2\/pages"}],"about":[{"href":"https:\/\/www.kasperhof-rottenried.de\/index.php?rest_route=\/wp\/v2\/types\/page"}],"author":[{"embeddable":true,"href":"https:\/\/www.kasperhof-rottenried.de\/index.php?rest_route=\/wp\/v2\/users\/1"}],"replies":[{"embeddable":true,"href":"https:\/\/www.kasperhof-rottenried.de\/index.php?rest_route=%2Fwp%2Fv2%2Fcomments&post=89"}],"version-history":[{"count":15,"href":"https:\/\/www.kasperhof-rottenried.de\/index.php?rest_route=\/wp\/v2\/pages\/89\/revisions"}],"predecessor-version":[{"id":157,"href":"https:\/\/www.kasperhof-rottenried.de\/index.php?rest_route=\/wp\/v2\/pages\/89\/revisions\/157"}],"wp:attachment":[{"href":"https:\/\/www.kasperhof-rottenried.de\/index.php?rest_route=%2Fwp%2Fv2%2Fmedia&parent=89"}],"curies":[{"name":"wp","href":"https:\/\/api.w.org\/{rel}","templated":true}]}}