{"id":83,"date":"2019-05-16T15:11:21","date_gmt":"2019-05-16T13:11:21","guid":{"rendered":"http:\/\/www.kasperhof-rottenried.de\/?page_id=83"},"modified":"2019-05-17T10:56:40","modified_gmt":"2019-05-17T08:56:40","slug":"unsere-schafe","status":"publish","type":"page","link":"https:\/\/www.kasperhof-rottenried.de\/?page_id=83","title":{"rendered":"Unser Wald"},"content":{"rendered":"<h4><b>\u2026 wird schonend f\u00fcr nachfolgende Generationen bewirtschaftet<br \/><\/b><\/h4>\n<ul>\n<li>Wir schlagen nur so viel Holz, wie jedes Jahr wieder nachw\u00e4chst<\/li>\n<li>Wir achten auf einen gesunden Mischwaldbestand hoher Qualit\u00e4t<\/li>\n<li>Wir nehmen R\u00fccksicht auf den kostbaren Waldboden, die Flora und Fauna<\/li>\n<\/ul>\n\n\n<div class=\"wp-block-image\"><figure class=\"aligncenter\"><img decoding=\"async\" src=\"http:\/\/www.kasperhof-rottenried.de\/wp-content\/uploads\/2019\/05\/wald3-1024x683.jpg\" alt=\"\" class=\"wp-image-146\"\/><\/figure><\/div>\n","protected":false},"excerpt":{"rendered":"<p>\u2026 wird schonend f\u00fcr nachfolgende Generationen bewirtschaftet Wir schlagen nur so viel Holz, wie jedes Jahr wieder nachw\u00e4chst Wir achten auf einen gesunden Mischwaldbestand hoher Qualit\u00e4t Wir nehmen R\u00fccksicht auf den kostbaren Waldboden, die Flora und Fauna<\/p>\n<p> <a class=\"continue-reading-link\" href=\"https:\/\/www.kasperhof-rottenried.de\/?page_id=83\"><span>Continue reading<\/span><i class=\"crycon-right-dir\"><\/i><\/a> <\/p>\n","protected":false},"author":1,"featured_media":0,"parent":0,"menu_order":0,"comment_status":"closed","ping_status":"closed","template":"","meta":{"footnotes":""},"class_list":["post-83","page","type-page","status-publish","hentry"],"_links":{"self":[{"href":"https:\/\/www.kasperhof-rottenried.de\/index.php?rest_route=\/wp\/v2\/pages\/83","targetHints":{"allow":["GET"]}}],"collection":[{"href":"https:\/\/www.kasperhof-rottenried.de\/index.php?rest_route=\/wp\/v2\/pages"}],"about":[{"href":"https:\/\/www.kasperhof-rottenried.de\/index.php?rest_route=\/wp\/v2\/types\/page"}],"author":[{"embeddable":true,"href":"https:\/\/www.kasperhof-rottenried.de\/index.php?rest_route=\/wp\/v2\/users\/1"}],"replies":[{"embeddable":true,"href":"https:\/\/www.kasperhof-rottenried.de\/index.php?rest_route=%2Fwp%2Fv2%2Fcomments&post=83"}],"version-history":[{"count":7,"href":"https:\/\/www.kasperhof-rottenried.de\/index.php?rest_route=\/wp\/v2\/pages\/83\/revisions"}],"predecessor-version":[{"id":158,"href":"https:\/\/www.kasperhof-rottenried.de\/index.php?rest_route=\/wp\/v2\/pages\/83\/revisions\/158"}],"wp:attachment":[{"href":"https:\/\/www.kasperhof-rottenried.de\/index.php?rest_route=%2Fwp%2Fv2%2Fmedia&parent=83"}],"curies":[{"name":"wp","href":"https:\/\/api.w.org\/{rel}","templated":true}]}}