{"id":81,"date":"2019-05-16T15:10:45","date_gmt":"2019-05-16T13:10:45","guid":{"rendered":"http:\/\/www.kasperhof-rottenried.de\/?page_id=81"},"modified":"2019-05-17T10:49:09","modified_gmt":"2019-05-17T08:49:09","slug":"unsere-landwirtschaft","status":"publish","type":"page","link":"https:\/\/www.kasperhof-rottenried.de\/?page_id=81","title":{"rendered":"Unser Hof"},"content":{"rendered":"<h4><b>\u2026 <img loading=\"lazy\" decoding=\"async\" class=\"alignright size-thumbnail wp-image-143\" src=\"http:\/\/www.kasperhof-rottenried.de\/wp-content\/uploads\/2019\/05\/Genfood-Nein-Danke-150x150.png\" alt=\"\" width=\"150\" height=\"150\" srcset=\"https:\/\/www.kasperhof-rottenried.de\/wp-content\/uploads\/2019\/05\/Genfood-Nein-Danke-150x150.png 150w, https:\/\/www.kasperhof-rottenried.de\/wp-content\/uploads\/2019\/05\/Genfood-Nein-Danke-300x300.png 300w, https:\/\/www.kasperhof-rottenried.de\/wp-content\/uploads\/2019\/05\/Genfood-Nein-Danke.png 640w\" sizes=\"auto, (max-width: 150px) 100vw, 150px\" \/>garantiert<\/b><\/h4>\n<p>dass wir gentechnikfrei f\u00fcttern und auf wachstumsf\u00f6rdernde Mittel verzichten<\/p>\n<h4><b>\u2026 und erzeugt<\/b><\/h4>\n<ul>\n<li>Wolle<\/li>\n<li>Lammfleisch<\/li>\n<li>Heu und Stroh f\u00fcr Kleintiere und Pferde<\/li>\n<li>Gem\u00fcse und Kr\u00e4uter<\/li>\n<li>Schafd\u00fcnger<\/li>\n<li>Brennholz<\/li>\n<\/ul>\n","protected":false},"excerpt":{"rendered":"<p>\u2026 garantiert dass wir gentechnikfrei f\u00fcttern und auf wachstumsf\u00f6rdernde Mittel verzichten \u2026 und erzeugt Wolle Lammfleisch Heu und Stroh f\u00fcr Kleintiere und Pferde Gem\u00fcse und Kr\u00e4uter Schafd\u00fcnger Brennholz<\/p>\n<p> <a class=\"continue-reading-link\" href=\"https:\/\/www.kasperhof-rottenried.de\/?page_id=81\"><span>Continue reading<\/span><i class=\"crycon-right-dir\"><\/i><\/a> <\/p>\n","protected":false},"author":1,"featured_media":0,"parent":0,"menu_order":0,"comment_status":"closed","ping_status":"closed","template":"","meta":{"footnotes":""},"class_list":["post-81","page","type-page","status-publish","hentry"],"_links":{"self":[{"href":"https:\/\/www.kasperhof-rottenried.de\/index.php?rest_route=\/wp\/v2\/pages\/81","targetHints":{"allow":["GET"]}}],"collection":[{"href":"https:\/\/www.kasperhof-rottenried.de\/index.php?rest_route=\/wp\/v2\/pages"}],"about":[{"href":"https:\/\/www.kasperhof-rottenried.de\/index.php?rest_route=\/wp\/v2\/types\/page"}],"author":[{"embeddable":true,"href":"https:\/\/www.kasperhof-rottenried.de\/index.php?rest_route=\/wp\/v2\/users\/1"}],"replies":[{"embeddable":true,"href":"https:\/\/www.kasperhof-rottenried.de\/index.php?rest_route=%2Fwp%2Fv2%2Fcomments&post=81"}],"version-history":[{"count":5,"href":"https:\/\/www.kasperhof-rottenried.de\/index.php?rest_route=\/wp\/v2\/pages\/81\/revisions"}],"predecessor-version":[{"id":153,"href":"https:\/\/www.kasperhof-rottenried.de\/index.php?rest_route=\/wp\/v2\/pages\/81\/revisions\/153"}],"wp:attachment":[{"href":"https:\/\/www.kasperhof-rottenried.de\/index.php?rest_route=%2Fwp%2Fv2%2Fmedia&parent=81"}],"curies":[{"name":"wp","href":"https:\/\/api.w.org\/{rel}","templated":true}]}}